{"id":1201,"date":"2020-10-24T08:59:23","date_gmt":"2020-10-24T06:59:23","guid":{"rendered":"https:\/\/rezepte.kenstel.de\/?page_id=1201"},"modified":"2020-10-24T08:59:23","modified_gmt":"2020-10-24T06:59:23","slug":"datenschutzerklaerung-impressum","status":"publish","type":"page","link":"https:\/\/rezepte.kenstel.de\/?page_id=1201","title":{"rendered":"Datenschutzerkl\u00e4rung \/ Impressum"},"content":{"rendered":"<p><strong>Verantwortlich<\/strong><\/p>\n<p><strong>Michael Kenstel<\/strong><br \/>\nMobile: +49 (0) 175 2960 356<\/p>\n<p>E-Mail: michael(at)kenstel(dot)de<\/p>\n<p>&nbsp;<\/p>\n<p><a name=\"_Toc514917997\"><\/a><strong>Rechtsgrundlagen und Zwecke<\/strong><strong><br \/>\nder Datenverarbeitung<\/strong><\/p>\n<ol>\n<li><a name=\"_Toc514917998\"><\/a><strong>a) Aufgrund Ihrer Einwilligung<\/strong><\/li>\n<\/ol>\n<p><strong>Rechtsgrundlage: <\/strong>Art. 6 Abs. 1 lit. a DSGVO<\/p>\n<p><strong>Zweck: <\/strong>Die Verarbeitung erfolgt zu Zwecken von Informationsma\u00dfnahmen oder der Teilnahme an einer Veranstaltung.<\/p>\n<p><strong>Widerrufsm\u00f6glichkeit: <\/strong>Eine erteilte Einwilligung kann jederzeit widerrufen werden. Dies gilt auch f\u00fcr den Widerruf von Informationseinwilligungen, die vor Geltung der DSGVO erteilt worden sind. Durch den Widerruf der Einwilligung wird die Rechtm\u00e4\u00dfigkeit der bis dahin erfolgten Datenverarbeitung nicht ber\u00fchrt.<\/p>\n<ol>\n<li><a name=\"_Toc514917999\"><\/a><strong>b) Zur Erf\u00fcllung von vertraglichen Pflichten<\/strong><\/li>\n<\/ol>\n<p><strong>Rechtsgrundlage: <\/strong>Art. 6 Abs. 1 lit. b DSGVO<\/p>\n<p><strong>Zweck: <\/strong>Die Verarbeitung von Daten erfolgt zu Organisationszwecken von \u201cKenstel.de\u201d internen Aufgaben und der Ver\u00f6ffentlichung von Anzeigen\/Berichten in den verschiedenen Medien wie Print- und Internetbereich.<\/p>\n<ol>\n<li><strong>c) E-Mail-Adresse und Newsletter<\/strong><\/li>\n<\/ol>\n<p><strong>Rechtsgrundlage: <\/strong>Art. 6 Abs. 1 lit. b DSGVO<\/p>\n<p><strong>Zweck: <\/strong>Verwendung der E-Mail-Adresse f\u00fcr die Zusendung von Newslettern.<br \/>\nWir nutzen Ihre E-Mail-Adresse unabh\u00e4ngig von der Vertragsabwicklung ausschlie\u00dflich f\u00fcr eigene Informationszwecke zum Newsletter Versand, sofern Sie dem ausdr\u00fccklich zugestimmt haben. Die Verarbeitung erfolgt auf Grundlage des Art. 6 (1) lit. a DSGVO mit Ihrer Einwilligung.<\/p>\n<p><strong>Widerrufsm\u00f6glichkeit: <\/strong>Sie k\u00f6nnen die Einwilligung jederzeit widerrufen, ohne dass die Rechtm\u00e4\u00dfigkeit der aufgrund der Einwilligung bis zum Widerruf erfolgten Verarbeitung ber\u00fchrt wird. Sie k\u00f6nnen dazu den Newsletter jederzeit unter Nutzung des entsprechenden Links im Newsletter oder durch Mitteilung an uns abbestellen. Ihre E-Mail-Adresse wird danach aus dem Verteiler entfernt.<\/p>\n<ol>\n<li><strong>d) Server-Logfiles<\/strong><\/li>\n<\/ol>\n<p>Sie k\u00f6nnen unsere Webseiten besuchen, ohne Angaben zu Ihrer Person zu machen. Es werden bei jedem Zugriff auf unsere Website Nutzungsdaten durch Ihren Internetbrowser \u00fcbermittelt und in Protokolldaten (Server-Logfiles) gespeichert. Zu diesen gespeicherten Daten geh\u00f6ren z.B. Name der aufgerufenen Seite, Datum und Uhrzeit des Abrufs, \u00fcbertragene Datenmenge und der anfragende Provider. Diese Daten dienen ausschlie\u00dflich der Gew\u00e4hrleistung eines st\u00f6rungsfreien Betriebs unserer Website und zur Verbesserung unseres Angebotes. Eine Zuordnung dieser Daten zu einer bestimmten Person ist nicht m\u00f6glich.<\/p>\n<p><strong>Datenweitergabe \/<\/strong><strong><br \/>\nEmpf\u00e4nger der Daten<\/strong><\/p>\n<p>Innerhalb \u201cKenstel.de\u201d erhalten diejenigen Zugriffe auf Ihre Daten, die diese zur Erf\u00fcllung der \u201cKenstel.de\u201d internen oder gesetzlichen Pflichten ben\u00f6tigen. Auch von uns eingesetzte Dienstleister (wie z.B. die Bank) k\u00f6nnen zu diesen Zwecken Daten erhalten.<\/p>\n<p><strong>Daten\u00fcbermittlung in ein Drittland oder an eine internationale<\/strong><strong><br \/>\nOrganisation<\/strong><\/p>\n<p>Eine Daten\u00fcbermittlung an Stellen in Staaten au\u00dferhalb der Europ\u00e4ischen Union (so genannte Drittstaaten) findet nicht statt.<\/p>\n<p><strong>Zeitraum der Datenspeicherung<\/strong><\/p>\n<p>Wir verarbeiten und speichern Ihre personenbezogenen Daten solange es f\u00fcr die Erf\u00fcllung unserer \u201cKenstel.de\u201d internen und gesetzlichen Pflichten erforderlich ist. Sind die Daten f\u00fcr die Erf\u00fcllung vertraglicher oder gesetzlicher Pflichten nicht mehr erforderlich, werden sie regelm\u00e4\u00dfig gel\u00f6scht, es sei denn eine (befristete) Weiterverarbeitung ist erforderlich zu folgenden Zwecken: Erf\u00fcllung handels- oder steuerrechtlicher Aufbewahrungspflichten nach dem Handelsgesetzbuch (HGB), die Abgabenordnung (AO), das Geldw\u00e4schegesetz (GwG). Die dort vorgegebenen Fristen zur Aufbewahrung betragen zwei bis zehn Jahre. Zur Erhaltung von Beweismitteln im Rahmen der gesetzlichen Verj\u00e4hrungsvorschriften nach den \u00a7\u00a7 195 ff. des B\u00fcrgerlichen Gesetzbuches (BGB) k\u00f6nnen die Verj\u00e4hrungsfristen bis zu 30 Jahre betragen. Die regelm\u00e4\u00dfige Verj\u00e4hrungsfrist betr\u00e4gt jedoch drei Jahre.<\/p>\n<p><strong>Betroffenenrechte<\/strong><\/p>\n<p>Jede betroffene Person hat das Recht auf Auskunft (Art. 15 DSGVO), das Recht auf Berichtigung (Art. 16 DSGVO), das Recht auf L\u00f6schung (Art. 17 DSGVO), das Recht auf Einschr\u00e4nkung der Verarbeitung (Art. 18 DSGVO), das Recht auf Daten\u00fcbertragbarkeit (Art. 20 DSGVO) sowie das Recht auf Widerspruch (Art. 21 DSGVO). Beim Recht auf Auskunft und auf L\u00f6schung gelten die Einschr\u00e4nkungen nach \u00a7\u00a7 34 und 35 BDSG-neu. Jede betroffene Person hat das Recht zur Beschwerde bei einer zust\u00e4ndigen Datenschutzaufsichtsbeh\u00f6rde (Art. 77 DSGVO i. V. m. \u00a7 19 BDSG-neu). Eine erteilte Einwilligung in die Verarbeitung personenbezogener Daten kann jederzeit uns gegen\u00fcber widerrufen werden. Das gilt auch f\u00fcr Einwilligungen, die vor dem 25. Mai 2018 (Geltung der DSGVO) erteilt worden sind. Der Widerruf gilt f\u00fcr die Zukunft, Verarbeitungen vor dem Widerruf sind davon nicht betroffen und bleiben daher rechtm\u00e4\u00dfig.<\/p>\n<p><strong>Pflicht zur Bereitstellung von Daten<\/strong><\/p>\n<p>Im Rahmen unserer \u201cKenstel.de\u201d Beziehung m\u00fcssen Sie die personenbezogenen Daten bereitstellen, die f\u00fcr die Aufnahme und Durchf\u00fchrung einer Gesch\u00e4ftsbeziehung und der Erf\u00fcllung der damit \u201cKenstel.de\u201d internen Pflichten erforderlich sind oder zu deren Erhebung wir gesetzlich verpflichtet sind. Ohne diese Daten werden wir in der Regel nicht in der Lage sein, das \u201cKenstel.de\u201d leben mit Ihnen durchzuf\u00fchren.<\/p>\n<p><strong>Automatisierte Entscheidungsfindung<\/strong><\/p>\n<p>Zur Begr\u00fcndung und Durchf\u00fchrung der Gesch\u00e4ftsbeziehung nutzen wir grunds\u00e4tzlich keine automatisierte Entscheidungsfindung gem\u00e4\u00df Art. 22 DSGVO. Sollte ein solches Verfahren eingesetzt werden, werden Sie gesondert informiert, sofern das Gesetz dies vorschreibt.<\/p>\n<p><strong>Profiling<\/strong><\/p>\n<p>Es finden bei uns keine automatisierten Auswertungen und Analysen (Profiling) statt.<\/p>\n<p><strong>Cookies<\/strong><\/p>\n<p>Wenn Sie einen Kommentar auf unserer Website schreiben, kann das eine Einwilligung sein, Ihren Namen, E-Mail-Adresse und Website in Cookies zu speichern. Dies ist eine Komfortfunktion, damit Sie nicht, wenn Sie einen weiteren Kommentar schreiben, all diese Daten erneut eingeben m\u00fcssen. Diese Cookies werden ein Jahr lang gespeichert.<\/p>\n<p>Falls Sie ein Konto haben und sich auf dieser Website anmelden, werden wir ein tempor\u00e4res Cookie setzen, um festzustellen, ob Ihr Browser Cookies akzeptiert. Dieses Cookie enth\u00e4lt keine personenbezogenen Daten und wird verworfen, wenn Sie Ihren Browser schlie\u00dfen.<\/p>\n<p>Wenn Sie sich anmelden, werden wir einige Cookies einrichten, um Ihre Anmeldeinformationen und Anzeigeoptionen zu speichern. Anmelde-Cookies verfallen nach zwei Tagen und Cookies f\u00fcr die Anzeigeoptionen nach einem Jahr. Falls Sie bei der Anmeldung \u201eAngemeldet bleiben\u201c ausw\u00e4hlen, wird Ihre Anmeldung zwei Wochen lang aufrechterhalten. Mit der Abmeldung aus Ihrem Konto werden die Anmelde-Cookies gel\u00f6scht.<\/p>\n<p>Wenn Sie einen Artikel bearbeiten oder ver\u00f6ffentlichen, wird ein zus\u00e4tzlicher Cookie in Ihrem Browser gespeichert. Dieser Cookie enth\u00e4lt keine personenbezogenen Daten und verweist nur auf die Beitrags-ID des Artikels, den Sie gerade bearbeitet haben. Der Cookie verf\u00e4llt nach einem Tag.<\/p>\n<p><strong>Eingebettete Inhalte<\/strong><strong><br \/>\nvon anderen Websites<\/strong><\/p>\n<p>Beitr\u00e4ge auf dieser Website k\u00f6nnen eingebettete Inhalte beinhalten (z.\u00a0B. Videos, Bilder, Beitr\u00e4ge etc.). Eingebettete Inhalte von anderen Websites verhalten sich exakt so, als ob der Besucher die andere Website besucht h\u00e4tte.<\/p>\n<p>Diese Websites k\u00f6nnen Daten \u00fcber Sie sammeln, Cookies benutzen, zus\u00e4tzliche Tracking-Dienste von Dritten einbetten und Ihre Interaktion mit diesem eingebetteten Inhalt aufzeichnen, inklusive Ihrer Interaktion mit dem eingebetteten Inhalt, falls Sie ein Konto haben und auf dieser Website angemeldet sind.<\/p>\n<p>Die Datenschutzerkl\u00e4rung der\u00a0Homepage des \u201eKenstel.de\u201c betrifft nur die Nutzung und Weitergabe personenbezogener Daten, die wir im Zusammenhang mit den\u00a0\u201dKenstel.de\u201d internen Aufgaben von Ihnen erfassen. Wenn Sie Ihre Daten an Dritte weitergeben oder wenn Sie auf die Website eines Dritten weitergeleitet werden, gilt die Datenschutzerkl\u00e4rung des jeweiligen Dritten.<\/p>\n<p>Wir k\u00f6nnen die Vertraulichkeit oder Sicherheit Ihrer Daten nicht garantieren, nachdem Sie diese an einen Dritten weitergegeben haben. Daher empfehlen wir Ihnen, die Datenschutzerkl\u00e4rungen sowie die Datensicherheitsgrunds\u00e4tze dieser genau zu \u00fcberpr\u00fcfen, bevor Sie eine Transaktion durchf\u00fchren und Ihre Daten weitergeben, selbst wenn dieser Dritte auf unserer Website verlinkt ist.<\/p>\n<p><strong>Datenschutzbestimmungen des Providers <\/strong><br \/>\n<strong>(ALL-INKL.COM &#8211; Neue Medien M\u00fcnnich)<\/strong><\/p>\n<p><em>Diese sind unter <a href=\"https:\/\/all-inkl.com\/datenschutzinformationen\/\">https:\/\/all-inkl.com\/datenschutzinformationen\/<\/a> einzusehen.<\/em><\/p>\n<p>&nbsp;<\/p>\n<p>&nbsp;<\/p>\n","protected":false},"excerpt":{"rendered":"<p>Verantwortlich Michael Kenstel Mobile: +49 (0) 175 2960 356 E-Mail: michael(at)kenstel(dot)de &nbsp; Rechtsgrundlagen und Zwecke der Datenverarbeitung a) Aufgrund Ihrer Einwilligung Rechtsgrundlage: Art. 6 Abs. [&hellip;]<\/p>\n","protected":false},"author":1,"featured_media":0,"parent":0,"menu_order":0,"comment_status":"closed","ping_status":"closed","template":"","meta":{"wprm-recipe-roundup-name":"","wprm-recipe-roundup-description":"","footnotes":""},"class_list":["post-1201","page","type-page","status-publish","hentry"],"_links":{"self":[{"href":"https:\/\/rezepte.kenstel.de\/index.php?rest_route=\/wp\/v2\/pages\/1201","targetHints":{"allow":["GET"]}}],"collection":[{"href":"https:\/\/rezepte.kenstel.de\/index.php?rest_route=\/wp\/v2\/pages"}],"about":[{"href":"https:\/\/rezepte.kenstel.de\/index.php?rest_route=\/wp\/v2\/types\/page"}],"author":[{"embeddable":true,"href":"https:\/\/rezepte.kenstel.de\/index.php?rest_route=\/wp\/v2\/users\/1"}],"replies":[{"embeddable":true,"href":"https:\/\/rezepte.kenstel.de\/index.php?rest_route=%2Fwp%2Fv2%2Fcomments&post=1201"}],"version-history":[{"count":1,"href":"https:\/\/rezepte.kenstel.de\/index.php?rest_route=\/wp\/v2\/pages\/1201\/revisions"}],"predecessor-version":[{"id":1202,"href":"https:\/\/rezepte.kenstel.de\/index.php?rest_route=\/wp\/v2\/pages\/1201\/revisions\/1202"}],"wp:attachment":[{"href":"https:\/\/rezepte.kenstel.de\/index.php?rest_route=%2Fwp%2Fv2%2Fmedia&parent=1201"}],"curies":[{"name":"wp","href":"https:\/\/api.w.org\/{rel}","templated":true}]}}